{"id":8604,"date":"2021-12-04T10:37:09","date_gmt":"2021-12-04T10:37:09","guid":{"rendered":"https:\/\/heatsink.eu\/?post_type=product&#038;p=8604"},"modified":"2021-12-04T10:46:47","modified_gmt":"2021-12-04T10:46:47","slug":"655-as-50-8-extruded-aluminium-heatsink-for-pcb-mounting-sk-409-50-8","status":"publish","type":"product","link":"https:\/\/heatsink.eu\/pl\/produkt\/extruded-heatsink-for-pcb-mounting\/655-as-50-8-extruded-aluminium-heatsink-for-pcb-mounting-sk-409-50-8\/","title":{"rendered":"655 AS 50.8"},"content":{"rendered":"<p>45mm wide Extruded Aluminium Heatsink for PCB Mounting SK 409 50.8<\/p>","protected":false},"excerpt":{"rendered":"<div class=\"short-description\">\n<h3><strong>If you are interested in this product, please write us at <a href=\"mailto:contact@heatsink.eu\">contact@heatsink.eu<\/a> and request for quotation for custom size products.<\/strong><\/h3>\n<div class=\"std\">\n<table border=\"0\">\n<tbody>\n<tr>\n<td>Typ:<\/td>\n<td><strong>Radiator wyt\u0142aczany<\/strong><\/td>\n<\/tr>\n<tr>\n<td>Materia\u0142:<\/td>\n<td><strong>Aluminium 6063-T5<\/strong><\/td>\n<\/tr>\n<tr>\n<td>Powierzchnia<\/td>\n<td><strong>Black or Natural Anodized<\/strong><\/td>\n<\/tr>\n<tr>\n<td>Wysoko\u015b\u0107:<\/td>\n<td><strong>13mm<\/strong><\/td>\n<\/tr>\n<tr>\n<td>Szeroko\u015b\u0107:<\/td>\n<td><strong>45mm<\/strong><\/td>\n<\/tr>\n<tr>\n<td>Length:<\/td>\n<td><strong>50.8mm<\/strong><\/td>\n<\/tr>\n<\/tbody>\n<\/table>\n<p><strong>Dost\u0119pne d\u0142ugo\u015bci\u00a0<\/strong><\/p>\n<p>Custom Lengths\u00a0<strong>up to 6.1m \/ 20ft<\/strong><\/p>\n<\/div>\n<\/div>","protected":false},"featured_media":9060,"comment_status":"open","ping_status":"closed","template":"","meta":{"_monsterinsights_skip_tracking":false,"_monsterinsights_sitenote_active":false,"_monsterinsights_sitenote_note":"","_monsterinsights_sitenote_category":0,"_joinchat":[]},"product_cat":[578],"product_tag":[],"yst_prominent_words":[],"yoast_head":"<!-- This site is optimized with the Yoast SEO Premium plugin v14.1 - https:\/\/yoast.com\/wordpress\/plugins\/seo\/ -->\n<title>655 AS 50.8 - Heatsink.eu<\/title>\n<meta name=\"description\" content=\"Extruded Aluminium Heatsink for PCB Mounting SK 409 50.8 black and natural anodized custom length available per your request\" \/>\n<meta name=\"robots\" content=\"index, follow\" \/>\n<meta name=\"googlebot\" content=\"index, follow, max-snippet:-1, max-image-preview:large, max-video-preview:-1\" \/>\n<meta name=\"bingbot\" content=\"index, follow, max-snippet:-1, max-image-preview:large, max-video-preview:-1\" \/>\n<link rel=\"canonical\" href=\"https:\/\/heatsink.eu\/pl\/produkt\/extruded-heatsink-for-pcb-mounting\/655-as-50-8-extruded-aluminium-heatsink-for-pcb-mounting-sk-409-50-8\/\" \/>\n<meta property=\"og:locale\" content=\"pl_PL\" \/>\n<meta property=\"og:type\" content=\"article\" \/>\n<meta property=\"og:title\" content=\"655 AS 50.8 - Heatsink.eu\" \/>\n<meta property=\"og:description\" content=\"Extruded Aluminium Heatsink for PCB Mounting SK 409 50.8 black and natural anodized custom length available per your request\" \/>\n<meta property=\"og:url\" content=\"https:\/\/heatsink.eu\/pl\/produkt\/extruded-heatsink-for-pcb-mounting\/655-as-50-8-extruded-aluminium-heatsink-for-pcb-mounting-sk-409-50-8\/\" \/>\n<meta property=\"og:site_name\" content=\"Heatsink.eu\" \/>\n<meta property=\"article:publisher\" content=\"https:\/\/www.facebook.com\/Heatsinkeu-108297431103075\" \/>\n<meta property=\"article:modified_time\" content=\"2021-12-04T10:46:47+00:00\" \/>\n<meta property=\"og:image\" content=\"https:\/\/heatsink.eu\/wp-content\/uploads\/2020\/11\/Heatsink_eu_final_small.png\" \/>\n\t<meta property=\"og:image:width\" content=\"1024\" \/>\n\t<meta property=\"og:image:height\" content=\"252\" \/>\n<meta property=\"fb:app_id\" content=\"4918327404845790\" \/>\n<meta name=\"twitter:card\" content=\"summary_large_image\" \/>\n<script type=\"application\/ld+json\" class=\"yoast-schema-graph\">{\"@context\":\"https:\/\/schema.org\",\"@graph\":[{\"@type\":\"Organization\",\"@id\":\"https:\/\/heatsink.eu\/pl\/#organization\",\"name\":\"Heatsink.eu\",\"url\":\"https:\/\/heatsink.eu\/pl\/\",\"sameAs\":[\"https:\/\/www.facebook.com\/Heatsinkeu-108297431103075\"],\"logo\":{\"@type\":\"ImageObject\",\"@id\":\"https:\/\/heatsink.eu\/pl\/#logo\",\"inLanguage\":\"pl-PL\",\"url\":\"https:\/\/heatsink.eu\/wp-content\/uploads\/2020\/11\/Heatsink_eu_final_2_header.png\",\"width\":724,\"height\":114,\"caption\":\"Heatsink.eu\"},\"image\":{\"@id\":\"https:\/\/heatsink.eu\/pl\/#logo\"}},{\"@type\":\"WebSite\",\"@id\":\"https:\/\/heatsink.eu\/pl\/#website\",\"url\":\"https:\/\/heatsink.eu\/pl\/\",\"name\":\"Heatsink.eu\",\"description\":\"Heatsink shop\",\"publisher\":{\"@id\":\"https:\/\/heatsink.eu\/pl\/#organization\"},\"potentialAction\":[{\"@type\":\"SearchAction\",\"target\":\"https:\/\/heatsink.eu\/pl\/?s={search_term_string}\",\"query-input\":\"required name=search_term_string\"}],\"inLanguage\":\"pl-PL\"},{\"@type\":\"ImageObject\",\"@id\":\"https:\/\/heatsink.eu\/product\/extruded-heatsink-for-pcb-mounting\/655-as-50-8-extruded-aluminium-heatsink-for-pcb-mounting-sk-409-50-8\/#primaryimage\",\"inLanguage\":\"pl-PL\",\"url\":\"https:\/\/heatsink.eu\/wp-content\/uploads\/2024\/12\/655-as.jpg\",\"width\":322,\"height\":212,\"caption\":\"655 as heatsink\"},{\"@type\":\"WebPage\",\"@id\":\"https:\/\/heatsink.eu\/product\/extruded-heatsink-for-pcb-mounting\/655-as-50-8-extruded-aluminium-heatsink-for-pcb-mounting-sk-409-50-8\/#webpage\",\"url\":\"https:\/\/heatsink.eu\/product\/extruded-heatsink-for-pcb-mounting\/655-as-50-8-extruded-aluminium-heatsink-for-pcb-mounting-sk-409-50-8\/\",\"name\":\"655 AS 50.8 - Heatsink.eu\",\"isPartOf\":{\"@id\":\"https:\/\/heatsink.eu\/pl\/#website\"},\"primaryImageOfPage\":{\"@id\":\"https:\/\/heatsink.eu\/product\/extruded-heatsink-for-pcb-mounting\/655-as-50-8-extruded-aluminium-heatsink-for-pcb-mounting-sk-409-50-8\/#primaryimage\"},\"datePublished\":\"2021-12-04T10:37:09+00:00\",\"dateModified\":\"2021-12-04T10:46:47+00:00\",\"description\":\"Extruded Aluminium Heatsink for PCB Mounting SK 409 50.8 black and natural anodized custom length available per your request\",\"inLanguage\":\"pl-PL\",\"potentialAction\":[{\"@type\":\"ReadAction\",\"target\":[\"https:\/\/heatsink.eu\/product\/extruded-heatsink-for-pcb-mounting\/655-as-50-8-extruded-aluminium-heatsink-for-pcb-mounting-sk-409-50-8\/\"]}]}]}<\/script>\n<!-- \/ Yoast SEO Premium plugin. -->","_links":{"self":[{"href":"https:\/\/heatsink.eu\/pl\/wp-json\/wp\/v2\/product\/8604"}],"collection":[{"href":"https:\/\/heatsink.eu\/pl\/wp-json\/wp\/v2\/product"}],"about":[{"href":"https:\/\/heatsink.eu\/pl\/wp-json\/wp\/v2\/types\/product"}],"replies":[{"embeddable":true,"href":"https:\/\/heatsink.eu\/pl\/wp-json\/wp\/v2\/comments?post=8604"}],"wp:featuredmedia":[{"embeddable":true,"href":"https:\/\/heatsink.eu\/pl\/wp-json\/wp\/v2\/media\/9060"}],"wp:attachment":[{"href":"https:\/\/heatsink.eu\/pl\/wp-json\/wp\/v2\/media?parent=8604"}],"wp:term":[{"taxonomy":"product_cat","embeddable":true,"href":"https:\/\/heatsink.eu\/pl\/wp-json\/wp\/v2\/product_cat?post=8604"},{"taxonomy":"product_tag","embeddable":true,"href":"https:\/\/heatsink.eu\/pl\/wp-json\/wp\/v2\/product_tag?post=8604"},{"taxonomy":"yst_prominent_words","embeddable":true,"href":"https:\/\/heatsink.eu\/pl\/wp-json\/wp\/v2\/yst_prominent_words?post=8604"}],"curies":[{"name":"wp","href":"https:\/\/api.w.org\/{rel}","templated":true}]}}