{"id":6032,"date":"2020-11-15T10:58:48","date_gmt":"2020-11-15T10:58:48","guid":{"rendered":"http:\/\/heatsinks.odyssey-studio.pl\/?post_type=product&#038;p=6032"},"modified":"2021-11-24T06:50:04","modified_gmt":"2021-11-24T06:50:04","slug":"764-as-50-standard-extruded-aluminium-heatsink-sk-30-al-sa-me","status":"publish","type":"product","link":"https:\/\/heatsink.eu\/pl\/produkt\/standard-custom-extruded-heatsink\/764-as-50-standard-extruded-aluminium-heatsink-sk-30-al-sa-me\/","title":{"rendered":"764 AS 50"},"content":{"rendered":"<p>122.40mm wide Case for High Performance Cooling Standard Extruded Aluminium Heatsink SK 30 AL SA ME<\/p>","protected":false},"excerpt":{"rendered":"<p><strong>If you are interested in this product, please write us at contact@heatsinks.eu and request for quotation.<\/strong><\/p>\n<div class=\"product attribute overview\">\n<div class=\"value\">\n<p class=\" translation-block\">Radiatory z wymuszon\u0105 konwekcj\u0105 pomagaj\u0105 optymalizowa\u0107 temperatur\u0119 za pomoc\u0105<strong> wymuszonego ch\u0142odzenia powietrzem<\/strong>.\u00a0Zapewniaj\u0105<strong> wydajne ch\u0142odzenie w trudnych warunkach<\/strong> gdy s\u0105 u\u017cywane z wentylatorami osiowymi lub promieniowymi.<\/p>\n<\/div>\n<\/div>\n<div class=\"product-add-form\">\n<form id=\"product_addtocart_form\" action=\"https:\/\/www.arma.com\/en\/checkout\/cart\/add\/uenc\/aHR0cHM6Ly93d3cuYXJtYS5jb20vZW4vaGVhdHNpbmstZXh0cnVzaW9ucy83NjQtYXMtYWx1bWlueXVtLXNvZ3V0dWN1Lmh0bWw%2C\/product\/430\/\" method=\"post\" data-product-sku=\"764 AS\" data-trp-original-action=\"https:\/\/www.arma.com\/en\/checkout\/cart\/add\/uenc\/aHR0cHM6Ly93d3cuYXJtYS5jb20vZW4vaGVhdHNpbmstZXh0cnVzaW9ucy83NjQtYXMtYWx1bWlueXVtLXNvZ3V0dWN1Lmh0bWw%2C\/product\/430\/\">\n<div class=\"box-tocart\">\n<table border=\"0\">\n<tbody>\n<tr>\n<td>Typ:<\/td>\n<td><strong>Radiatory z wymuszon\u0105 konwekcj\u0105<\/strong><\/td>\n<\/tr>\n<tr>\n<td>Materia\u0142:<\/td>\n<td><strong>Aluminum 6063-T5<\/strong><\/td>\n<\/tr>\n<tr>\n<td>Powierzchnia<\/td>\n<td><strong>Czarna lub Naturalna Anodowana<\/strong><\/td>\n<\/tr>\n<tr>\n<td>Wysoko\u015b\u0107:<\/td>\n<td><strong>63.8mm<\/strong><\/td>\n<\/tr>\n<tr>\n<td>Szeroko\u015b\u0107:<\/td>\n<td><strong>122.40mm<\/strong><\/td>\n<\/tr>\n<tr>\n<td>Length:<\/td>\n<td><strong>50mm<\/strong><\/td>\n<\/tr>\n<\/tbody>\n<\/table>\n<\/div>\n<input type=\"hidden\" name=\"trp-form-language\" value=\"pl\"\/><\/form>\n<\/div>","protected":false},"featured_media":9067,"comment_status":"open","ping_status":"closed","template":"","meta":{"_monsterinsights_skip_tracking":false,"_monsterinsights_sitenote_active":false,"_monsterinsights_sitenote_note":"","_monsterinsights_sitenote_category":0,"_joinchat":[]},"product_cat":[225],"product_tag":[],"yst_prominent_words":[],"yoast_head":"<!-- This site is optimized with the Yoast SEO Premium plugin v14.1 - https:\/\/yoast.com\/wordpress\/plugins\/seo\/ -->\n<title>764 AS 50 - Heatsink.eu<\/title>\n<meta name=\"description\" content=\"Standard Extruded Aluminium Heatsink SK 30 AL SA ME black and natural anodized custom length machining available per your request\" \/>\n<meta name=\"robots\" content=\"index, follow\" \/>\n<meta name=\"googlebot\" content=\"index, follow, max-snippet:-1, max-image-preview:large, max-video-preview:-1\" \/>\n<meta name=\"bingbot\" content=\"index, follow, max-snippet:-1, max-image-preview:large, max-video-preview:-1\" \/>\n<link rel=\"canonical\" href=\"https:\/\/heatsink.eu\/pl\/produkt\/standard-custom-extruded-heatsink\/764-as-50-standard-extruded-aluminium-heatsink-sk-30-al-sa-me\/\" \/>\n<meta property=\"og:locale\" content=\"pl_PL\" \/>\n<meta property=\"og:type\" content=\"article\" \/>\n<meta property=\"og:title\" content=\"764 AS 50 - Heatsink.eu\" \/>\n<meta property=\"og:description\" content=\"Standard Extruded Aluminium Heatsink SK 30 AL SA ME black and natural anodized custom length machining available per your request\" \/>\n<meta property=\"og:url\" content=\"https:\/\/heatsink.eu\/pl\/produkt\/standard-custom-extruded-heatsink\/764-as-50-standard-extruded-aluminium-heatsink-sk-30-al-sa-me\/\" \/>\n<meta property=\"og:site_name\" content=\"Heatsink.eu\" \/>\n<meta property=\"article:publisher\" content=\"https:\/\/www.facebook.com\/Heatsinkeu-108297431103075\" \/>\n<meta property=\"article:modified_time\" content=\"2021-11-24T06:50:04+00:00\" \/>\n<meta property=\"og:image\" content=\"https:\/\/heatsink.eu\/wp-content\/uploads\/2020\/11\/Heatsink_eu_final_small.png\" \/>\n\t<meta property=\"og:image:width\" content=\"1024\" \/>\n\t<meta property=\"og:image:height\" content=\"252\" \/>\n<meta property=\"fb:app_id\" content=\"4918327404845790\" \/>\n<meta name=\"twitter:card\" content=\"summary_large_image\" \/>\n<script type=\"application\/ld+json\" class=\"yoast-schema-graph\">{\"@context\":\"https:\/\/schema.org\",\"@graph\":[{\"@type\":\"Organization\",\"@id\":\"https:\/\/heatsink.eu\/pl\/#organization\",\"name\":\"Heatsink.eu\",\"url\":\"https:\/\/heatsink.eu\/pl\/\",\"sameAs\":[\"https:\/\/www.facebook.com\/Heatsinkeu-108297431103075\"],\"logo\":{\"@type\":\"ImageObject\",\"@id\":\"https:\/\/heatsink.eu\/pl\/#logo\",\"inLanguage\":\"pl-PL\",\"url\":\"https:\/\/heatsink.eu\/wp-content\/uploads\/2020\/11\/Heatsink_eu_final_2_header.png\",\"width\":724,\"height\":114,\"caption\":\"Heatsink.eu\"},\"image\":{\"@id\":\"https:\/\/heatsink.eu\/pl\/#logo\"}},{\"@type\":\"WebSite\",\"@id\":\"https:\/\/heatsink.eu\/pl\/#website\",\"url\":\"https:\/\/heatsink.eu\/pl\/\",\"name\":\"Heatsink.eu\",\"description\":\"Heatsink shop\",\"publisher\":{\"@id\":\"https:\/\/heatsink.eu\/pl\/#organization\"},\"potentialAction\":[{\"@type\":\"SearchAction\",\"target\":\"https:\/\/heatsink.eu\/pl\/?s={search_term_string}\",\"query-input\":\"required name=search_term_string\"}],\"inLanguage\":\"pl-PL\"},{\"@type\":\"ImageObject\",\"@id\":\"https:\/\/heatsink.eu\/product\/standard-custom-extruded-heatsink\/764-as-50-standard-extruded-aluminium-heatsink-sk-30-al-sa-me\/#primaryimage\",\"inLanguage\":\"pl-PL\",\"url\":\"https:\/\/heatsink.eu\/wp-content\/uploads\/2024\/12\/764-as.jpg\",\"width\":920,\"height\":844,\"caption\":\"764 as heatsink\"},{\"@type\":\"WebPage\",\"@id\":\"https:\/\/heatsink.eu\/product\/standard-custom-extruded-heatsink\/764-as-50-standard-extruded-aluminium-heatsink-sk-30-al-sa-me\/#webpage\",\"url\":\"https:\/\/heatsink.eu\/product\/standard-custom-extruded-heatsink\/764-as-50-standard-extruded-aluminium-heatsink-sk-30-al-sa-me\/\",\"name\":\"764 AS 50 - Heatsink.eu\",\"isPartOf\":{\"@id\":\"https:\/\/heatsink.eu\/pl\/#website\"},\"primaryImageOfPage\":{\"@id\":\"https:\/\/heatsink.eu\/product\/standard-custom-extruded-heatsink\/764-as-50-standard-extruded-aluminium-heatsink-sk-30-al-sa-me\/#primaryimage\"},\"datePublished\":\"2020-11-15T10:58:48+00:00\",\"dateModified\":\"2021-11-24T06:50:04+00:00\",\"description\":\"Standard Extruded Aluminium Heatsink SK 30 AL SA ME black and natural anodized custom length machining available per your request\",\"inLanguage\":\"pl-PL\",\"potentialAction\":[{\"@type\":\"ReadAction\",\"target\":[\"https:\/\/heatsink.eu\/product\/standard-custom-extruded-heatsink\/764-as-50-standard-extruded-aluminium-heatsink-sk-30-al-sa-me\/\"]}]}]}<\/script>\n<!-- \/ Yoast SEO Premium plugin. -->","_links":{"self":[{"href":"https:\/\/heatsink.eu\/pl\/wp-json\/wp\/v2\/product\/6032"}],"collection":[{"href":"https:\/\/heatsink.eu\/pl\/wp-json\/wp\/v2\/product"}],"about":[{"href":"https:\/\/heatsink.eu\/pl\/wp-json\/wp\/v2\/types\/product"}],"replies":[{"embeddable":true,"href":"https:\/\/heatsink.eu\/pl\/wp-json\/wp\/v2\/comments?post=6032"}],"wp:featuredmedia":[{"embeddable":true,"href":"https:\/\/heatsink.eu\/pl\/wp-json\/wp\/v2\/media\/9067"}],"wp:attachment":[{"href":"https:\/\/heatsink.eu\/pl\/wp-json\/wp\/v2\/media?parent=6032"}],"wp:term":[{"taxonomy":"product_cat","embeddable":true,"href":"https:\/\/heatsink.eu\/pl\/wp-json\/wp\/v2\/product_cat?post=6032"},{"taxonomy":"product_tag","embeddable":true,"href":"https:\/\/heatsink.eu\/pl\/wp-json\/wp\/v2\/product_tag?post=6032"},{"taxonomy":"yst_prominent_words","embeddable":true,"href":"https:\/\/heatsink.eu\/pl\/wp-json\/wp\/v2\/yst_prominent_words?post=6032"}],"curies":[{"name":"wp","href":"https:\/\/api.w.org\/{rel}","templated":true}]}}