{"id":5602,"date":"2020-11-13T10:38:04","date_gmt":"2020-11-13T10:38:04","guid":{"rendered":"http:\/\/heatsinks.odyssey-studio.pl\/?post_type=product&#038;p=5602"},"modified":"2022-01-04T14:42:27","modified_gmt":"2022-01-04T14:42:27","slug":"165-asl-165mm16gen","status":"publish","type":"product","link":"https:\/\/heatsink.eu\/pl\/produkt\/8-16-sided-led-heatsinks\/165-asl-165mm16gen\/","title":{"rendered":"165 ASL 165mm(16Gen)"},"content":{"rendered":"<p>165mm diameter 16 sided LED Heatsink ICK LED R 165<\/p>","protected":false},"excerpt":{"rendered":"<p><strong>If you are interested in this product please write us at <a href=\"mailto:contact@heatsink.eu\">contact@heatsink.eu<\/a> and request for quotation.<\/strong><\/p>\n<div class=\"product attribute overview\">\n<div class=\"value\">\n<p>This\u00a0<strong>16-sided<\/strong>\u00a0LED Heatsink is\u00a0<strong>derived<\/strong>\u00a0from 165 ASL Heatsink Extrusion with 16 equal vertical cuts.<\/p>\n<p>It is a\u00a0<strong>purpose-built<\/strong>\u00a0product for mounting\u00a0<strong>LED PCBs up to 165mm in diameter.<\/strong><\/p>\n<p class=\" translation-block\">Dzi\u0119ki zmaksymalizowanej powierzchni styku PCB LED mo\u017cna zwi\u0119kszy\u0107 wydajno\u015b\u0107 radiatora. Jest to doskona\u0142e rozwi\u0105zanie dla okr\u0105g\u0142ych produkt\u00f3w LED.<\/p>\n<\/div>\n<\/div>\n<div class=\"product-add-form\">\n<form id=\"product_addtocart_form\" action=\"https:\/\/www.arma.com\/en\/checkout\/cart\/add\/uenc\/aHR0cHM6Ly93d3cuYXJtYS5jb20vZW4vOC0xNi1zaWRlZC1sZWQtaGVhdHNpbmtzLzE2NS1hc2wtMTY1bW0tMTZnZW4uaHRtbA%2C%2C\/product\/237\/\" method=\"post\" data-product-sku=\"165 ASL 165mm(16Gen)\" data-trp-original-action=\"https:\/\/www.arma.com\/en\/checkout\/cart\/add\/uenc\/aHR0cHM6Ly93d3cuYXJtYS5jb20vZW4vOC0xNi1zaWRlZC1sZWQtaGVhdHNpbmtzLzE2NS1hc2wtMTY1bW0tMTZnZW4uaHRtbA%2C%2C\/product\/237\/\">\n<div class=\"box-tocart\">\n<table border=\"0\">\n<tbody>\n<tr>\n<td>Typ<\/td>\n<td><strong>\u00a0\u00a016-sided LED Heatsink\u00a0<\/strong><\/td>\n<\/tr>\n<tr>\n<td>Materia\u0142<\/td>\n<td><strong>Aluminum 6063-T5<\/strong><\/td>\n<\/tr>\n<tr>\n<td>Powierzchnia<\/td>\n<td><strong>Surowa\u00a0<\/strong><\/td>\n<\/tr>\n<tr>\n<td>\u015arednica<\/td>\n<td><strong>165mm<\/strong><\/td>\n<\/tr>\n<tr>\n<td>Wysoko\u015b\u0107<\/td>\n<td><strong>55mm<\/strong><\/td>\n<\/tr>\n<\/tbody>\n<\/table>\n<\/div>\n<input type=\"hidden\" name=\"trp-form-language\" value=\"pl\"\/><\/form>\n<\/div>","protected":false},"featured_media":0,"comment_status":"open","ping_status":"closed","template":"","meta":{"_monsterinsights_skip_tracking":false,"_monsterinsights_sitenote_active":false,"_monsterinsights_sitenote_note":"","_monsterinsights_sitenote_category":0,"_joinchat":[]},"product_cat":[228],"product_tag":[],"yst_prominent_words":[],"yoast_head":"<!-- This site is optimized with the Yoast SEO Premium plugin v14.1 - https:\/\/yoast.com\/wordpress\/plugins\/seo\/ -->\n<title>165 ASL 165mm(16Gen) - Heatsink.eu<\/title>\n<meta name=\"robots\" content=\"index, follow\" \/>\n<meta name=\"googlebot\" content=\"index, follow, max-snippet:-1, max-image-preview:large, max-video-preview:-1\" \/>\n<meta name=\"bingbot\" content=\"index, follow, max-snippet:-1, max-image-preview:large, max-video-preview:-1\" \/>\n<link rel=\"canonical\" href=\"https:\/\/heatsink.eu\/pl\/produkt\/8-16-sided-led-heatsinks\/165-asl-165mm16gen\/\" \/>\n<meta property=\"og:locale\" content=\"pl_PL\" \/>\n<meta property=\"og:type\" content=\"article\" \/>\n<meta property=\"og:title\" content=\"165 ASL 165mm(16Gen) - Heatsink.eu\" \/>\n<meta property=\"og:description\" content=\"If you are interested in this product please write us at contact@heatsink.eu and request for quotation.    This\u00a016-sided\u00a0LED Heatsink is\u00a0derived\u00a0from 165 ASL Heatsink Extrusion with 16 equal vertical cuts.  It is a\u00a0purpose-built\u00a0product for mounting\u00a0LED PCBs up to 165mm in diameter.  Through maximizing the surface contact of LED PCB to increase the heatsink performance, it is a\u00a0cost effective\u00a0solution for Round LED Products.         Type \u00a0\u00a016-sided LED Heatsink\u00a0   Material Aluminum 6063-T5   Surface Non-Anodised\u00a0   Diameter 165mm   Height 55mm\" \/>\n<meta property=\"og:url\" content=\"https:\/\/heatsink.eu\/pl\/produkt\/8-16-sided-led-heatsinks\/165-asl-165mm16gen\/\" \/>\n<meta property=\"og:site_name\" content=\"Heatsink.eu\" \/>\n<meta property=\"article:publisher\" content=\"https:\/\/www.facebook.com\/Heatsinkeu-108297431103075\" \/>\n<meta property=\"article:modified_time\" content=\"2022-01-04T14:42:27+00:00\" \/>\n<meta property=\"og:image\" content=\"https:\/\/heatsink.eu\/wp-content\/uploads\/2020\/11\/Heatsink_eu_final_small.png\" \/>\n\t<meta property=\"og:image:width\" content=\"1024\" \/>\n\t<meta property=\"og:image:height\" content=\"252\" \/>\n<meta property=\"fb:app_id\" content=\"4918327404845790\" \/>\n<meta name=\"twitter:card\" content=\"summary_large_image\" \/>\n<script type=\"application\/ld+json\" class=\"yoast-schema-graph\">{\"@context\":\"https:\/\/schema.org\",\"@graph\":[{\"@type\":\"Organization\",\"@id\":\"https:\/\/heatsink.eu\/pl\/#organization\",\"name\":\"Heatsink.eu\",\"url\":\"https:\/\/heatsink.eu\/pl\/\",\"sameAs\":[\"https:\/\/www.facebook.com\/Heatsinkeu-108297431103075\"],\"logo\":{\"@type\":\"ImageObject\",\"@id\":\"https:\/\/heatsink.eu\/pl\/#logo\",\"inLanguage\":\"pl-PL\",\"url\":\"https:\/\/heatsink.eu\/wp-content\/uploads\/2020\/11\/Heatsink_eu_final_2_header.png\",\"width\":724,\"height\":114,\"caption\":\"Heatsink.eu\"},\"image\":{\"@id\":\"https:\/\/heatsink.eu\/pl\/#logo\"}},{\"@type\":\"WebSite\",\"@id\":\"https:\/\/heatsink.eu\/pl\/#website\",\"url\":\"https:\/\/heatsink.eu\/pl\/\",\"name\":\"Heatsink.eu\",\"description\":\"Heatsink shop\",\"publisher\":{\"@id\":\"https:\/\/heatsink.eu\/pl\/#organization\"},\"potentialAction\":[{\"@type\":\"SearchAction\",\"target\":\"https:\/\/heatsink.eu\/pl\/?s={search_term_string}\",\"query-input\":\"required name=search_term_string\"}],\"inLanguage\":\"pl-PL\"},{\"@type\":\"WebPage\",\"@id\":\"https:\/\/heatsink.eu\/product\/8-16-sided-led-heatsinks\/165-asl-165mm16gen\/#webpage\",\"url\":\"https:\/\/heatsink.eu\/product\/8-16-sided-led-heatsinks\/165-asl-165mm16gen\/\",\"name\":\"165 ASL 165mm(16Gen) - Heatsink.eu\",\"isPartOf\":{\"@id\":\"https:\/\/heatsink.eu\/pl\/#website\"},\"datePublished\":\"2020-11-13T10:38:04+00:00\",\"dateModified\":\"2022-01-04T14:42:27+00:00\",\"inLanguage\":\"pl-PL\",\"potentialAction\":[{\"@type\":\"ReadAction\",\"target\":[\"https:\/\/heatsink.eu\/product\/8-16-sided-led-heatsinks\/165-asl-165mm16gen\/\"]}]}]}<\/script>\n<!-- \/ Yoast SEO Premium plugin. -->","_links":{"self":[{"href":"https:\/\/heatsink.eu\/pl\/wp-json\/wp\/v2\/product\/5602"}],"collection":[{"href":"https:\/\/heatsink.eu\/pl\/wp-json\/wp\/v2\/product"}],"about":[{"href":"https:\/\/heatsink.eu\/pl\/wp-json\/wp\/v2\/types\/product"}],"replies":[{"embeddable":true,"href":"https:\/\/heatsink.eu\/pl\/wp-json\/wp\/v2\/comments?post=5602"}],"wp:attachment":[{"href":"https:\/\/heatsink.eu\/pl\/wp-json\/wp\/v2\/media?parent=5602"}],"wp:term":[{"taxonomy":"product_cat","embeddable":true,"href":"https:\/\/heatsink.eu\/pl\/wp-json\/wp\/v2\/product_cat?post=5602"},{"taxonomy":"product_tag","embeddable":true,"href":"https:\/\/heatsink.eu\/pl\/wp-json\/wp\/v2\/product_tag?post=5602"},{"taxonomy":"yst_prominent_words","embeddable":true,"href":"https:\/\/heatsink.eu\/pl\/wp-json\/wp\/v2\/yst_prominent_words?post=5602"}],"curies":[{"name":"wp","href":"https:\/\/api.w.org\/{rel}","templated":true}]}}