{"id":5511,"date":"2020-11-12T16:18:24","date_gmt":"2020-11-12T16:18:24","guid":{"rendered":"http:\/\/heatsinks.odyssey-studio.pl\/?post_type=product&#038;p=5511"},"modified":"2021-12-05T15:14:04","modified_gmt":"2021-12-05T15:14:04","slug":"1995-asl-o-120","status":"publish","type":"product","link":"https:\/\/heatsink.eu\/pl\/produkt\/round-led-heatsinks\/1995-asl-o-120\/","title":{"rendered":"1995 ASL \u00d8 120 50"},"content":{"rendered":"<p>120mm diameter 50mm length IC design LED Round Aluminium Heatsink<\/p>","protected":false},"excerpt":{"rendered":"<p><strong>If you are interested in this product, please write us at <a href=\"mailto:contact@heatsink.eu\">contact@heatsink.eu<\/a> and request for quotation.<\/strong><\/p>\n<table border=\"0\">\n<tbody>\n<tr>\n<td>Typ<\/td>\n<td><strong>\u00a0Radiatory LED okr\u0105g\u0142e\u00a0<\/strong><\/td>\n<\/tr>\n<tr>\n<td>Materia\u0142<\/td>\n<td><strong>Aluminium 6063-T5<\/strong><\/td>\n<\/tr>\n<tr>\n<td>Powierzchnia<\/td>\n<td><strong>Non-anodized\u00a0<\/strong><\/td>\n<\/tr>\n<tr>\n<td>\u015arednica<\/td>\n<td><strong>120mm<\/strong><\/td>\n<\/tr>\n<\/tbody>\n<\/table>\n<table border=\"0\">\n<tbody>\n<tr>\n<td><strong>Dost\u0119pne d\u0142ugo\u015bci<\/strong><\/td>\n<td><strong>SKU<\/strong><\/td>\n<\/tr>\n<tr>\n<td>50mm<\/td>\n<td>1995ASL-50<\/td>\n<\/tr>\n<tr>\n<td>100mm<\/td>\n<td>1995ASL-100<\/td>\n<\/tr>\n<\/tbody>\n<\/table>","protected":false},"featured_media":0,"comment_status":"open","ping_status":"closed","template":"","meta":{"_monsterinsights_skip_tracking":false,"_monsterinsights_sitenote_active":false,"_monsterinsights_sitenote_note":"","_monsterinsights_sitenote_category":0,"_joinchat":[]},"product_cat":[227],"product_tag":[],"yst_prominent_words":[],"yoast_head":"<!-- This site is optimized with the Yoast SEO Premium plugin v14.1 - https:\/\/yoast.com\/wordpress\/plugins\/seo\/ -->\n<title>1995 ASL \u00d8 120 50 - Heatsink.eu<\/title>\n<meta name=\"robots\" content=\"index, follow\" \/>\n<meta name=\"googlebot\" content=\"index, follow, max-snippet:-1, max-image-preview:large, max-video-preview:-1\" \/>\n<meta name=\"bingbot\" content=\"index, follow, max-snippet:-1, max-image-preview:large, max-video-preview:-1\" \/>\n<link rel=\"canonical\" href=\"https:\/\/heatsink.eu\/pl\/produkt\/round-led-heatsinks\/1995-asl-o-120\/\" \/>\n<meta property=\"og:locale\" content=\"pl_PL\" \/>\n<meta property=\"og:type\" content=\"article\" \/>\n<meta property=\"og:title\" content=\"1995 ASL \u00d8 120 50 - Heatsink.eu\" \/>\n<meta property=\"og:description\" content=\"If you are interested in this product, please write us at contact@heatsink.eu and request for quotation.    Type \u00a0Round LED Heatsink\u00a0   Material Aluminium 6063-T5   Surface Non-anodized\u00a0   Diameter 120mm       Length Availability SKU   50mm 1995ASL-50   100mm 1995ASL-100\" \/>\n<meta property=\"og:url\" content=\"https:\/\/heatsink.eu\/pl\/produkt\/round-led-heatsinks\/1995-asl-o-120\/\" \/>\n<meta property=\"og:site_name\" content=\"Heatsink.eu\" \/>\n<meta property=\"article:publisher\" content=\"https:\/\/www.facebook.com\/Heatsinkeu-108297431103075\" \/>\n<meta property=\"article:modified_time\" content=\"2021-12-05T15:14:04+00:00\" \/>\n<meta property=\"og:image\" content=\"https:\/\/heatsink.eu\/wp-content\/uploads\/2020\/11\/Heatsink_eu_final_small.png\" \/>\n\t<meta property=\"og:image:width\" content=\"1024\" \/>\n\t<meta property=\"og:image:height\" content=\"252\" \/>\n<meta property=\"fb:app_id\" content=\"4918327404845790\" \/>\n<meta name=\"twitter:card\" content=\"summary_large_image\" \/>\n<script type=\"application\/ld+json\" class=\"yoast-schema-graph\">{\"@context\":\"https:\/\/schema.org\",\"@graph\":[{\"@type\":\"Organization\",\"@id\":\"https:\/\/heatsink.eu\/pl\/#organization\",\"name\":\"Heatsink.eu\",\"url\":\"https:\/\/heatsink.eu\/pl\/\",\"sameAs\":[\"https:\/\/www.facebook.com\/Heatsinkeu-108297431103075\"],\"logo\":{\"@type\":\"ImageObject\",\"@id\":\"https:\/\/heatsink.eu\/pl\/#logo\",\"inLanguage\":\"pl-PL\",\"url\":\"https:\/\/heatsink.eu\/wp-content\/uploads\/2020\/11\/Heatsink_eu_final_2_header.png\",\"width\":724,\"height\":114,\"caption\":\"Heatsink.eu\"},\"image\":{\"@id\":\"https:\/\/heatsink.eu\/pl\/#logo\"}},{\"@type\":\"WebSite\",\"@id\":\"https:\/\/heatsink.eu\/pl\/#website\",\"url\":\"https:\/\/heatsink.eu\/pl\/\",\"name\":\"Heatsink.eu\",\"description\":\"Heatsink shop\",\"publisher\":{\"@id\":\"https:\/\/heatsink.eu\/pl\/#organization\"},\"potentialAction\":[{\"@type\":\"SearchAction\",\"target\":\"https:\/\/heatsink.eu\/pl\/?s={search_term_string}\",\"query-input\":\"required name=search_term_string\"}],\"inLanguage\":\"pl-PL\"},{\"@type\":\"WebPage\",\"@id\":\"https:\/\/heatsink.eu\/product\/round-led-heatsinks\/1995-asl-o-120\/#webpage\",\"url\":\"https:\/\/heatsink.eu\/product\/round-led-heatsinks\/1995-asl-o-120\/\",\"name\":\"1995 ASL \\u00d8 120 50 - Heatsink.eu\",\"isPartOf\":{\"@id\":\"https:\/\/heatsink.eu\/pl\/#website\"},\"datePublished\":\"2020-11-12T16:18:24+00:00\",\"dateModified\":\"2021-12-05T15:14:04+00:00\",\"inLanguage\":\"pl-PL\",\"potentialAction\":[{\"@type\":\"ReadAction\",\"target\":[\"https:\/\/heatsink.eu\/product\/round-led-heatsinks\/1995-asl-o-120\/\"]}]}]}<\/script>\n<!-- \/ Yoast SEO Premium plugin. -->","_links":{"self":[{"href":"https:\/\/heatsink.eu\/pl\/wp-json\/wp\/v2\/product\/5511"}],"collection":[{"href":"https:\/\/heatsink.eu\/pl\/wp-json\/wp\/v2\/product"}],"about":[{"href":"https:\/\/heatsink.eu\/pl\/wp-json\/wp\/v2\/types\/product"}],"replies":[{"embeddable":true,"href":"https:\/\/heatsink.eu\/pl\/wp-json\/wp\/v2\/comments?post=5511"}],"wp:attachment":[{"href":"https:\/\/heatsink.eu\/pl\/wp-json\/wp\/v2\/media?parent=5511"}],"wp:term":[{"taxonomy":"product_cat","embeddable":true,"href":"https:\/\/heatsink.eu\/pl\/wp-json\/wp\/v2\/product_cat?post=5511"},{"taxonomy":"product_tag","embeddable":true,"href":"https:\/\/heatsink.eu\/pl\/wp-json\/wp\/v2\/product_tag?post=5511"},{"taxonomy":"yst_prominent_words","embeddable":true,"href":"https:\/\/heatsink.eu\/pl\/wp-json\/wp\/v2\/yst_prominent_words?post=5511"}],"curies":[{"name":"wp","href":"https:\/\/api.w.org\/{rel}","templated":true}]}}