{"id":5458,"date":"2020-11-12T15:07:43","date_gmt":"2020-11-12T15:07:43","guid":{"rendered":"http:\/\/heatsinks.odyssey-studio.pl\/?post_type=product&#038;p=5458"},"modified":"2021-12-06T09:28:07","modified_gmt":"2021-12-06T09:28:07","slug":"564-as-set","status":"publish","type":"product","link":"https:\/\/heatsink.eu\/pl\/produkt\/fin-coolers-high-performance-heatsinks-forced-convection-mounting-area-milled-flat\/564-as-set\/","title":{"rendered":"564 AS Set"},"content":{"rendered":"","protected":false},"excerpt":{"rendered":"<p><strong>If you are interested in this product please write us at <a href=\"mailto:contact@heatsink.eu\">contact@heatsink.eu<\/a> and request for quotation for custom size.<\/strong><\/p>\n<p>The\u00a0<strong>564AS-Set<\/strong>\u00a0is a\u00a0<strong>High-Performance heatsink<\/strong>\u00a0that can be designed to\u00a0<strong>your specific needs.<\/strong>\u00a0It can be used\u00a0<strong>standalone<\/strong>\u00a0or as a<strong>\u00a0Forced Convection* Heatsink.<\/strong>\u00a0The 564AS-Set is manufactured joining the 564AS type fin extrusions side by side to provide the flexibility to produce the required heatsink in\u00a0<strong>different length and width options<\/strong>. The production process is complemented by Milling, which provides an\u00a0<strong>excellent application surface.<\/strong>\u00a0In addition, different fabrications that may be required for your application, such as<strong>\u00a0drilling and tapping<\/strong>, can be provided.<\/p>\n<p>This price is for 100mm width and 150mm length.<\/p>\n<p>&nbsp;<\/p>\n<table border=\"0\">\n<tbody>\n<tr>\n<td>Typ<\/td>\n<td><strong>\u00a0Radiatory z wymuszon\u0105 konwekcj\u0105\u00a0\u00a0<\/strong><\/td>\n<\/tr>\n<tr>\n<td>Materia\u0142<\/td>\n<td><strong>Aluminium 6063-T5<\/strong><\/td>\n<\/tr>\n<tr>\n<td>Powierzchnia<\/td>\n<td><strong>Natural \/ Black Anodized\u00a0<\/strong><\/td>\n<\/tr>\n<tr>\n<td>Wysoko\u015b\u0107<\/td>\n<td><strong>72.5mm<\/strong><\/td>\n<\/tr>\n<tr>\n<td>Szeroko\u015b\u0107<\/td>\n<td><strong>Dowolna, na zam\u00f3wienie<\/strong><\/td>\n<\/tr>\n<\/tbody>\n<\/table>\n<table border=\"0\">\n<tbody>\n<tr>\n<td><strong>Dost\u0119pne d\u0142ugo\u015bci<\/strong><\/td>\n<td><strong>SKU<\/strong><\/td>\n<\/tr>\n<tr>\n<td>300mm<\/td>\n<td>564AS-300<\/td>\n<\/tr>\n<tr>\n<td>400mm<\/td>\n<td>564AS-400<\/td>\n<\/tr>\n<\/tbody>\n<\/table>","protected":false},"featured_media":0,"comment_status":"open","ping_status":"closed","template":"","meta":{"_monsterinsights_skip_tracking":false,"_monsterinsights_sitenote_active":false,"_monsterinsights_sitenote_note":"","_monsterinsights_sitenote_category":0,"_joinchat":[]},"product_cat":[229],"product_tag":[],"yst_prominent_words":[],"yoast_head":"<!-- This site is optimized with the Yoast SEO Premium plugin v14.1 - https:\/\/yoast.com\/wordpress\/plugins\/seo\/ -->\n<title>564 AS Set - Heatsink.eu<\/title>\n<meta name=\"robots\" content=\"index, follow\" \/>\n<meta name=\"googlebot\" content=\"index, follow, max-snippet:-1, max-image-preview:large, max-video-preview:-1\" \/>\n<meta name=\"bingbot\" content=\"index, follow, max-snippet:-1, max-image-preview:large, max-video-preview:-1\" \/>\n<link rel=\"canonical\" href=\"https:\/\/heatsink.eu\/pl\/produkt\/fin-coolers-high-performance-heatsinks-forced-convection-mounting-area-milled-flat\/564-as-set\/\" \/>\n<meta property=\"og:locale\" content=\"pl_PL\" \/>\n<meta property=\"og:type\" content=\"article\" \/>\n<meta property=\"og:title\" content=\"564 AS Set - Heatsink.eu\" \/>\n<meta property=\"og:description\" content=\"If you are interested in this product please write us at contact@heatsink.eu and request for quotation for custom size.  The\u00a0564AS-Set\u00a0is a\u00a0High-Performance heatsink\u00a0that can be designed to\u00a0your specific needs.\u00a0It can be used\u00a0standalone\u00a0or as a\u00a0Forced Convection* Heatsink.\u00a0The 564AS-Set is manufactured joining the 564AS type fin extrusions side by side to provide the flexibility to produce the required heatsink in\u00a0different length and width options. The production process is complemented by Milling, which provides an\u00a0excellent application surface.\u00a0In addition, different fabrications that may be required for your application, such as\u00a0drilling and tapping, can be provided.  This price is for 100mm width and 150mm length.  &nbsp;    Type \u00a0Forced Convection Heatsink\u00a0\u00a0   Material Aluminium 6063-T5   Surface Natural \/ Black Anodized\u00a0   Height 72.5mm   Width Custom Width as required       Length Availability SKU   300mm 564AS-300   400mm 564AS-400\" \/>\n<meta property=\"og:url\" content=\"https:\/\/heatsink.eu\/pl\/produkt\/fin-coolers-high-performance-heatsinks-forced-convection-mounting-area-milled-flat\/564-as-set\/\" \/>\n<meta property=\"og:site_name\" content=\"Heatsink.eu\" \/>\n<meta property=\"article:publisher\" content=\"https:\/\/www.facebook.com\/Heatsinkeu-108297431103075\" \/>\n<meta property=\"article:modified_time\" content=\"2021-12-06T09:28:07+00:00\" \/>\n<meta property=\"og:image\" content=\"https:\/\/heatsink.eu\/wp-content\/uploads\/2020\/11\/Heatsink_eu_final_small.png\" \/>\n\t<meta property=\"og:image:width\" content=\"1024\" \/>\n\t<meta property=\"og:image:height\" content=\"252\" \/>\n<meta property=\"fb:app_id\" content=\"4918327404845790\" \/>\n<meta name=\"twitter:card\" content=\"summary_large_image\" \/>\n<script type=\"application\/ld+json\" class=\"yoast-schema-graph\">{\"@context\":\"https:\/\/schema.org\",\"@graph\":[{\"@type\":\"Organization\",\"@id\":\"https:\/\/heatsink.eu\/pl\/#organization\",\"name\":\"Heatsink.eu\",\"url\":\"https:\/\/heatsink.eu\/pl\/\",\"sameAs\":[\"https:\/\/www.facebook.com\/Heatsinkeu-108297431103075\"],\"logo\":{\"@type\":\"ImageObject\",\"@id\":\"https:\/\/heatsink.eu\/pl\/#logo\",\"inLanguage\":\"pl-PL\",\"url\":\"https:\/\/heatsink.eu\/wp-content\/uploads\/2020\/11\/Heatsink_eu_final_2_header.png\",\"width\":724,\"height\":114,\"caption\":\"Heatsink.eu\"},\"image\":{\"@id\":\"https:\/\/heatsink.eu\/pl\/#logo\"}},{\"@type\":\"WebSite\",\"@id\":\"https:\/\/heatsink.eu\/pl\/#website\",\"url\":\"https:\/\/heatsink.eu\/pl\/\",\"name\":\"Heatsink.eu\",\"description\":\"Heatsink shop\",\"publisher\":{\"@id\":\"https:\/\/heatsink.eu\/pl\/#organization\"},\"potentialAction\":[{\"@type\":\"SearchAction\",\"target\":\"https:\/\/heatsink.eu\/pl\/?s={search_term_string}\",\"query-input\":\"required name=search_term_string\"}],\"inLanguage\":\"pl-PL\"},{\"@type\":\"WebPage\",\"@id\":\"https:\/\/heatsink.eu\/product\/fin-coolers-high-performance-heatsinks-forced-convection-mounting-area-milled-flat\/564-as-set\/#webpage\",\"url\":\"https:\/\/heatsink.eu\/product\/fin-coolers-high-performance-heatsinks-forced-convection-mounting-area-milled-flat\/564-as-set\/\",\"name\":\"564 AS Set - Heatsink.eu\",\"isPartOf\":{\"@id\":\"https:\/\/heatsink.eu\/pl\/#website\"},\"datePublished\":\"2020-11-12T15:07:43+00:00\",\"dateModified\":\"2021-12-06T09:28:07+00:00\",\"inLanguage\":\"pl-PL\",\"potentialAction\":[{\"@type\":\"ReadAction\",\"target\":[\"https:\/\/heatsink.eu\/product\/fin-coolers-high-performance-heatsinks-forced-convection-mounting-area-milled-flat\/564-as-set\/\"]}]}]}<\/script>\n<!-- \/ Yoast SEO Premium plugin. -->","_links":{"self":[{"href":"https:\/\/heatsink.eu\/pl\/wp-json\/wp\/v2\/product\/5458"}],"collection":[{"href":"https:\/\/heatsink.eu\/pl\/wp-json\/wp\/v2\/product"}],"about":[{"href":"https:\/\/heatsink.eu\/pl\/wp-json\/wp\/v2\/types\/product"}],"replies":[{"embeddable":true,"href":"https:\/\/heatsink.eu\/pl\/wp-json\/wp\/v2\/comments?post=5458"}],"wp:attachment":[{"href":"https:\/\/heatsink.eu\/pl\/wp-json\/wp\/v2\/media?parent=5458"}],"wp:term":[{"taxonomy":"product_cat","embeddable":true,"href":"https:\/\/heatsink.eu\/pl\/wp-json\/wp\/v2\/product_cat?post=5458"},{"taxonomy":"product_tag","embeddable":true,"href":"https:\/\/heatsink.eu\/pl\/wp-json\/wp\/v2\/product_tag?post=5458"},{"taxonomy":"yst_prominent_words","embeddable":true,"href":"https:\/\/heatsink.eu\/pl\/wp-json\/wp\/v2\/yst_prominent_words?post=5458"}],"curies":[{"name":"wp","href":"https:\/\/api.w.org\/{rel}","templated":true}]}}