{"id":5212,"date":"2020-05-09T16:08:09","date_gmt":"2020-05-09T16:08:09","guid":{"rendered":"http:\/\/heatsinks.odyssey-studio.pl\/?post_type=product&#038;p=5212"},"modified":"2021-12-03T09:31:28","modified_gmt":"2021-12-03T09:31:28","slug":"588-as-50-137mm-wide-extruded-aluminium-heatsink-for-pcb-mounting","status":"publish","type":"product","link":"https:\/\/heatsink.eu\/pl\/produkt\/extruded-heatsink-for-pcb-mounting\/588-as-50-137mm-wide-extruded-aluminium-heatsink-for-pcb-mounting\/","title":{"rendered":"588 AS 50"},"content":{"rendered":"<p>137mm wide Extruded Aluminium Heatsink for PCB Mounting<\/p>","protected":false},"excerpt":{"rendered":"<div class=\"short-description\">\n<h4><strong>If you are interested in this product, please write us at <a href=\"mailto:contact@heatsink.eu\">contact@heatsink.eu<\/a> and request for quotation.<\/strong><\/h4>\n<div class=\"std\">\n<table border=\"0\">\n<tbody>\n<tr>\n<td>Typ:<\/td>\n<td><strong>Radiator wyt\u0142aczany<\/strong><\/td>\n<\/tr>\n<tr>\n<td>Materia\u0142:<\/td>\n<td><strong>Aluminium 6063-T5<\/strong><\/td>\n<\/tr>\n<tr>\n<td>Powierzchnia<\/td>\n<td><strong>Black or Natural Anodized<\/strong><\/td>\n<\/tr>\n<tr>\n<td>Wysoko\u015b\u0107:<\/td>\n<td><strong>67.50mm<\/strong><\/td>\n<\/tr>\n<tr>\n<td>Szeroko\u015b\u0107:<\/td>\n<td><strong>137mm<\/strong><\/td>\n<\/tr>\n<tr>\n<td>Length:<\/td>\n<td><strong>50mm\u00a0<\/strong><\/td>\n<\/tr>\n<\/tbody>\n<\/table>\n<p><strong>Dost\u0119pne d\u0142ugo\u015bci\u00a0<\/strong><\/p>\n<p>Custom Lengths\u00a0<strong>up to 6.1m \/ 20ft<\/strong><\/p>\n<\/div>\n<\/div>","protected":false},"featured_media":5213,"comment_status":"open","ping_status":"closed","template":"","meta":{"_monsterinsights_skip_tracking":false,"_monsterinsights_sitenote_active":false,"_monsterinsights_sitenote_note":"","_monsterinsights_sitenote_category":0,"_joinchat":[]},"product_cat":[578],"product_tag":[],"yst_prominent_words":[],"yoast_head":"<!-- This site is optimized with the Yoast SEO Premium plugin v14.1 - https:\/\/yoast.com\/wordpress\/plugins\/seo\/ -->\n<title>588 AS 50 - Heatsink.eu<\/title>\n<meta name=\"description\" content=\"137mm wide Extruded Aluminium Heatsink for PCB Mounting black and natural anodized custom length machining available per your request\" \/>\n<meta name=\"robots\" content=\"index, follow\" \/>\n<meta name=\"googlebot\" content=\"index, follow, max-snippet:-1, max-image-preview:large, max-video-preview:-1\" \/>\n<meta name=\"bingbot\" content=\"index, follow, max-snippet:-1, max-image-preview:large, max-video-preview:-1\" \/>\n<link rel=\"canonical\" href=\"https:\/\/heatsink.eu\/pl\/produkt\/extruded-heatsink-for-pcb-mounting\/588-as-50-137mm-wide-extruded-aluminium-heatsink-for-pcb-mounting\/\" \/>\n<meta property=\"og:locale\" content=\"pl_PL\" \/>\n<meta property=\"og:type\" content=\"article\" \/>\n<meta property=\"og:title\" content=\"588 AS 50 - Heatsink.eu\" \/>\n<meta property=\"og:description\" content=\"137mm wide Extruded Aluminium Heatsink for PCB Mounting black and natural anodized custom length machining available per your request\" \/>\n<meta property=\"og:url\" content=\"https:\/\/heatsink.eu\/pl\/produkt\/extruded-heatsink-for-pcb-mounting\/588-as-50-137mm-wide-extruded-aluminium-heatsink-for-pcb-mounting\/\" \/>\n<meta property=\"og:site_name\" content=\"Heatsink.eu\" \/>\n<meta property=\"article:publisher\" content=\"https:\/\/www.facebook.com\/Heatsinkeu-108297431103075\" \/>\n<meta property=\"article:modified_time\" content=\"2021-12-03T09:31:28+00:00\" \/>\n<meta property=\"og:image\" content=\"https:\/\/heatsink.eu\/wp-content\/uploads\/2020\/05\/588as-heatsink.jpg\" \/>\n\t<meta property=\"og:image:width\" content=\"1800\" \/>\n\t<meta property=\"og:image:height\" content=\"1013\" \/>\n<meta property=\"fb:app_id\" content=\"4918327404845790\" \/>\n<meta name=\"twitter:card\" content=\"summary_large_image\" \/>\n<script type=\"application\/ld+json\" class=\"yoast-schema-graph\">{\"@context\":\"https:\/\/schema.org\",\"@graph\":[{\"@type\":\"Organization\",\"@id\":\"https:\/\/heatsink.eu\/pl\/#organization\",\"name\":\"Heatsink.eu\",\"url\":\"https:\/\/heatsink.eu\/pl\/\",\"sameAs\":[\"https:\/\/www.facebook.com\/Heatsinkeu-108297431103075\"],\"logo\":{\"@type\":\"ImageObject\",\"@id\":\"https:\/\/heatsink.eu\/pl\/#logo\",\"inLanguage\":\"pl-PL\",\"url\":\"https:\/\/heatsink.eu\/wp-content\/uploads\/2020\/11\/Heatsink_eu_final_2_header.png\",\"width\":724,\"height\":114,\"caption\":\"Heatsink.eu\"},\"image\":{\"@id\":\"https:\/\/heatsink.eu\/pl\/#logo\"}},{\"@type\":\"WebSite\",\"@id\":\"https:\/\/heatsink.eu\/pl\/#website\",\"url\":\"https:\/\/heatsink.eu\/pl\/\",\"name\":\"Heatsink.eu\",\"description\":\"Heatsink shop\",\"publisher\":{\"@id\":\"https:\/\/heatsink.eu\/pl\/#organization\"},\"potentialAction\":[{\"@type\":\"SearchAction\",\"target\":\"https:\/\/heatsink.eu\/pl\/?s={search_term_string}\",\"query-input\":\"required name=search_term_string\"}],\"inLanguage\":\"pl-PL\"},{\"@type\":\"ImageObject\",\"@id\":\"https:\/\/heatsink.eu\/product\/extruded-heatsink-for-pcb-mounting\/588-as-50-137mm-wide-extruded-aluminium-heatsink-for-pcb-mounting\/#primaryimage\",\"inLanguage\":\"pl-PL\",\"url\":\"https:\/\/heatsink.eu\/wp-content\/uploads\/2020\/05\/588as-heatsink.jpg\",\"width\":1800,\"height\":1013,\"caption\":\"588 AS 137mm wide Extruded Aluminium Heatsink for PCB Mounting 1\"},{\"@type\":\"WebPage\",\"@id\":\"https:\/\/heatsink.eu\/product\/extruded-heatsink-for-pcb-mounting\/588-as-50-137mm-wide-extruded-aluminium-heatsink-for-pcb-mounting\/#webpage\",\"url\":\"https:\/\/heatsink.eu\/product\/extruded-heatsink-for-pcb-mounting\/588-as-50-137mm-wide-extruded-aluminium-heatsink-for-pcb-mounting\/\",\"name\":\"588 AS 50 - Heatsink.eu\",\"isPartOf\":{\"@id\":\"https:\/\/heatsink.eu\/pl\/#website\"},\"primaryImageOfPage\":{\"@id\":\"https:\/\/heatsink.eu\/product\/extruded-heatsink-for-pcb-mounting\/588-as-50-137mm-wide-extruded-aluminium-heatsink-for-pcb-mounting\/#primaryimage\"},\"datePublished\":\"2020-05-09T16:08:09+00:00\",\"dateModified\":\"2021-12-03T09:31:28+00:00\",\"description\":\"137mm wide Extruded Aluminium Heatsink for PCB Mounting black and natural anodized custom length machining available per your request\",\"inLanguage\":\"pl-PL\",\"potentialAction\":[{\"@type\":\"ReadAction\",\"target\":[\"https:\/\/heatsink.eu\/product\/extruded-heatsink-for-pcb-mounting\/588-as-50-137mm-wide-extruded-aluminium-heatsink-for-pcb-mounting\/\"]}]}]}<\/script>\n<!-- \/ Yoast SEO Premium plugin. -->","_links":{"self":[{"href":"https:\/\/heatsink.eu\/pl\/wp-json\/wp\/v2\/product\/5212"}],"collection":[{"href":"https:\/\/heatsink.eu\/pl\/wp-json\/wp\/v2\/product"}],"about":[{"href":"https:\/\/heatsink.eu\/pl\/wp-json\/wp\/v2\/types\/product"}],"replies":[{"embeddable":true,"href":"https:\/\/heatsink.eu\/pl\/wp-json\/wp\/v2\/comments?post=5212"}],"wp:featuredmedia":[{"embeddable":true,"href":"https:\/\/heatsink.eu\/pl\/wp-json\/wp\/v2\/media\/5213"}],"wp:attachment":[{"href":"https:\/\/heatsink.eu\/pl\/wp-json\/wp\/v2\/media?parent=5212"}],"wp:term":[{"taxonomy":"product_cat","embeddable":true,"href":"https:\/\/heatsink.eu\/pl\/wp-json\/wp\/v2\/product_cat?post=5212"},{"taxonomy":"product_tag","embeddable":true,"href":"https:\/\/heatsink.eu\/pl\/wp-json\/wp\/v2\/product_tag?post=5212"},{"taxonomy":"yst_prominent_words","embeddable":true,"href":"https:\/\/heatsink.eu\/pl\/wp-json\/wp\/v2\/yst_prominent_words?post=5212"}],"curies":[{"name":"wp","href":"https:\/\/api.w.org\/{rel}","templated":true}]}}