{"id":2508,"date":"2016-03-09T06:02:55","date_gmt":"2016-03-09T06:02:55","guid":{"rendered":"https:\/\/demo2.chethemes.com\/electro\/?page_id=2508"},"modified":"2020-12-11T13:28:26","modified_gmt":"2020-12-11T13:28:26","slug":"contact-us","status":"publish","type":"page","link":"https:\/\/heatsink.eu\/pl\/contact-us\/","title":{"rendered":"Kontakt"},"content":{"rendered":"<div class=\"vc_row wpb_row vc_row-fluid vc_custom_1457506356430\"><div class=\"wpb_column vc_column_container vc_col-sm-6\"><div class=\"vc_column-inner\"><div class=\"wpb_wrapper\">\n\t<div class=\"wpb_text_column wpb_content_element  vc_custom_1605545657862\" >\n\t\t<div class=\"wpb_wrapper\">\n\t\t\t<h2 class=\"contact-page-title\">Skontaktuj si\u0119 z nami<\/h2>\n<p>Masz dodatkowe pytania? Chcesz stworzy\u0107 sw\u00f3j w\u0142asny radiator? Jeste\u015b zainteresowany sta\u0142\u0105 wsp\u00f3\u0142prac\u0105? Zadzwo\u0144 do nas lub wy\u015blij e-mail!<\/p>\n\n\t\t<\/div>\n\t<\/div>\n<div class=\"vc_row wpb_row vc_inner vc_row-fluid\"><div class=\"wpb_column vc_column_container vc_col-sm-6\"><div class=\"vc_column-inner\"><div class=\"wpb_wrapper\"><div class=\"vc_message_box vc_message_box-standard vc_message_box-rounded vc_color-black\" ><div class=\"vc_message_box-icon\"><i class=\"fas fa-phone-volume\"><\/i><\/div><p>Faruk Erdemir +48 661 046 001<\/p>\n<\/div><div class=\"vc_message_box vc_message_box-standard vc_message_box-rounded vc_color-black\" ><div class=\"vc_message_box-icon\"><i class=\"fas fa-phone-volume\"><\/i><\/div><p>Micha\u0142 Koper +48 888 966 088<\/p>\n<\/div><\/div><\/div><\/div><div class=\"wpb_column vc_column_container vc_col-sm-6\"><div class=\"vc_column-inner\"><div class=\"wpb_wrapper\"><div class=\"vc_message_box vc_message_box-standard vc_message_box-rounded vc_color-black\" ><div class=\"vc_message_box-icon\"><i class=\"far fa-envelope\"><\/i><\/div><p>contact@heatsink.eu<\/p>\n<\/div><\/div><\/div><\/div><\/div><\/div><\/div><\/div><div class=\"store-info store-info-v2 wpb_column vc_column_container vc_col-sm-6\"><div class=\"vc_column-inner\"><div class=\"wpb_wrapper\">\n\t<div class=\"wpb_text_column wpb_content_element  inner-left-xs\" >\n\t\t<div class=\"wpb_wrapper\">\n\t\t\t<h2 class=\"contact-page-title\">Siedziba firmy<\/h2>\n<p>ul. Promykowa 18<br \/>\n55-040 Domas\u0142aw<br \/>\nPOLSKA<\/p>\n\n\t\t<\/div>\n\t<\/div>\n<div class=\"wpb_gmaps_widget wpb_content_element vc_custom_1592209891895 inner-left-xs\"><div class=\"wpb_wrapper\"><div class=\"wpb_map_wraper\"><iframe src=\"https:\/\/www.google.com\/maps\/embed?pb=!1m18!1m12!1m3!1d2984.8883284170893!2d16.960705021629458!3d51.01648331726462!2m3!1f0!2f0!3f0!3m2!1i1024!2i768!4f13.1!3m3!1m2!1s0x470fc415bbef6b0d%3A0xc500043949338554!2sPromykowa%2018%2C%2055-040%20Domas%C5%82aw!5e0!3m2!1spl!2spl!4v1592209859945!5m2!1spl!2spl\" width=\"600\" height=\"288\" frameborder=\"0\" style=\"border:0;\" allowfullscreen=\"\" aria-hidden=\"false\" tabindex=\"0\"><\/iframe><\/div><\/div><\/div><\/div><\/div><\/div><\/div>","protected":false},"excerpt":{"rendered":"Leave us a Message You have additional questions? Feel free to get in contact with us via e-mail or phone! Interested in bulk order and want to negotiate terms? We","protected":false},"author":1,"featured_media":0,"parent":0,"menu_order":0,"comment_status":"closed","ping_status":"closed","template":"","meta":{"_monsterinsights_skip_tracking":false,"_monsterinsights_sitenote_active":false,"_monsterinsights_sitenote_note":"","_monsterinsights_sitenote_category":0,"_joinchat":[]},"yst_prominent_words":[],"yoast_head":"<!-- This site is optimized with the Yoast SEO Premium plugin v14.1 - https:\/\/yoast.com\/wordpress\/plugins\/seo\/ -->\n<title>Contact Us - Heatsink.eu<\/title>\n<meta name=\"description\" content=\"Heatsink manufacturer is turkish company ARMA with headquarters and production center located in Istambul, Turkey. Arma was a garage startup in a 100 square meters small mill, manufacturing aluminum cases to protect electonic circuits. Today in order to find the most efficient solution to our customers thermal problems we introduced new heatsink models almost every single week, being a leader in Turkish market and an important player in US market.\" \/>\n<meta name=\"robots\" content=\"index, follow\" \/>\n<meta name=\"googlebot\" content=\"index, follow, max-snippet:-1, max-image-preview:large, max-video-preview:-1\" \/>\n<meta name=\"bingbot\" content=\"index, follow, max-snippet:-1, max-image-preview:large, max-video-preview:-1\" \/>\n<link rel=\"canonical\" href=\"https:\/\/heatsink.eu\/pl\/contact-us\/\" \/>\n<meta property=\"og:locale\" content=\"pl_PL\" \/>\n<meta property=\"og:type\" content=\"article\" \/>\n<meta property=\"og:title\" content=\"Contact Us - Heatsink.eu\" \/>\n<meta property=\"og:description\" content=\"Heatsink manufacturer is turkish company ARMA with headquarters and production center located in Istambul, Turkey. Arma was a garage startup in a 100 square meters small mill, manufacturing aluminum cases to protect electonic circuits. Today in order to find the most efficient solution to our customers thermal problems we introduced new heatsink models almost every single week, being a leader in Turkish market and an important player in US market.\" \/>\n<meta property=\"og:url\" content=\"https:\/\/heatsink.eu\/pl\/contact-us\/\" \/>\n<meta property=\"og:site_name\" content=\"Heatsink.eu\" \/>\n<meta property=\"article:publisher\" content=\"https:\/\/www.facebook.com\/Heatsinkeu-108297431103075\" \/>\n<meta property=\"article:modified_time\" content=\"2020-12-11T13:28:26+00:00\" \/>\n<meta property=\"og:image\" content=\"https:\/\/heatsink.eu\/wp-content\/uploads\/2020\/11\/Heatsink_eu_final_small.png\" \/>\n\t<meta property=\"og:image:width\" content=\"1024\" \/>\n\t<meta property=\"og:image:height\" content=\"252\" \/>\n<meta property=\"fb:app_id\" content=\"4918327404845790\" \/>\n<meta name=\"twitter:card\" content=\"summary_large_image\" \/>\n<script type=\"application\/ld+json\" class=\"yoast-schema-graph\">{\"@context\":\"https:\/\/schema.org\",\"@graph\":[{\"@type\":\"Organization\",\"@id\":\"https:\/\/heatsink.eu\/pl\/#organization\",\"name\":\"Heatsink.eu\",\"url\":\"https:\/\/heatsink.eu\/pl\/\",\"sameAs\":[\"https:\/\/www.facebook.com\/Heatsinkeu-108297431103075\"],\"logo\":{\"@type\":\"ImageObject\",\"@id\":\"https:\/\/heatsink.eu\/pl\/#logo\",\"inLanguage\":\"pl-PL\",\"url\":\"https:\/\/heatsink.eu\/wp-content\/uploads\/2020\/11\/Heatsink_eu_final_2_header.png\",\"width\":724,\"height\":114,\"caption\":\"Heatsink.eu\"},\"image\":{\"@id\":\"https:\/\/heatsink.eu\/pl\/#logo\"}},{\"@type\":\"WebSite\",\"@id\":\"https:\/\/heatsink.eu\/pl\/#website\",\"url\":\"https:\/\/heatsink.eu\/pl\/\",\"name\":\"Heatsink.eu\",\"description\":\"Heatsink shop\",\"publisher\":{\"@id\":\"https:\/\/heatsink.eu\/pl\/#organization\"},\"potentialAction\":[{\"@type\":\"SearchAction\",\"target\":\"https:\/\/heatsink.eu\/pl\/?s={search_term_string}\",\"query-input\":\"required name=search_term_string\"}],\"inLanguage\":\"pl-PL\"},{\"@type\":\"WebPage\",\"@id\":\"https:\/\/heatsink.eu\/contact-us\/#webpage\",\"url\":\"https:\/\/heatsink.eu\/contact-us\/\",\"name\":\"Contact Us - Heatsink.eu\",\"isPartOf\":{\"@id\":\"https:\/\/heatsink.eu\/pl\/#website\"},\"datePublished\":\"2016-03-09T06:02:55+00:00\",\"dateModified\":\"2020-12-11T13:28:26+00:00\",\"description\":\"Heatsink manufacturer is turkish company ARMA with headquarters and production center located in Istambul, Turkey. Arma was a garage startup in a 100 square meters small mill, manufacturing aluminum cases to protect electonic circuits. Today in order to find the most efficient solution to our customers thermal problems we introduced new heatsink models almost every single week, being a leader in Turkish market and an important player in US market.\",\"inLanguage\":\"pl-PL\",\"potentialAction\":[{\"@type\":\"ReadAction\",\"target\":[\"https:\/\/heatsink.eu\/contact-us\/\"]}]}]}<\/script>\n<!-- \/ Yoast SEO Premium plugin. -->","_links":{"self":[{"href":"https:\/\/heatsink.eu\/pl\/wp-json\/wp\/v2\/pages\/2508"}],"collection":[{"href":"https:\/\/heatsink.eu\/pl\/wp-json\/wp\/v2\/pages"}],"about":[{"href":"https:\/\/heatsink.eu\/pl\/wp-json\/wp\/v2\/types\/page"}],"author":[{"embeddable":true,"href":"https:\/\/heatsink.eu\/pl\/wp-json\/wp\/v2\/users\/1"}],"replies":[{"embeddable":true,"href":"https:\/\/heatsink.eu\/pl\/wp-json\/wp\/v2\/comments?post=2508"}],"version-history":[{"count":0,"href":"https:\/\/heatsink.eu\/pl\/wp-json\/wp\/v2\/pages\/2508\/revisions"}],"wp:attachment":[{"href":"https:\/\/heatsink.eu\/pl\/wp-json\/wp\/v2\/media?parent=2508"}],"wp:term":[{"taxonomy":"yst_prominent_words","embeddable":true,"href":"https:\/\/heatsink.eu\/pl\/wp-json\/wp\/v2\/yst_prominent_words?post=2508"}],"curies":[{"name":"wp","href":"https:\/\/api.w.org\/{rel}","templated":true}]}}