{"id":2494,"date":"2016-03-09T05:41:44","date_gmt":"2016-03-09T05:41:44","guid":{"rendered":"https:\/\/demo2.chethemes.com\/electro\/?page_id=2494"},"modified":"2020-11-16T16:48:13","modified_gmt":"2020-11-16T16:48:13","slug":"about","status":"publish","type":"page","link":"https:\/\/heatsink.eu\/pl\/about\/","title":{"rendered":"O nas"},"content":{"rendered":"<div class=\"vc_row wpb_row vc_row-fluid\"><div class=\"wpb_column vc_column_container vc_col-sm-12 vc_hidden-xs\"><div class=\"vc_column-inner\"><div class=\"wpb_wrapper\"><div class=\"vc_empty_space\"   style=\"height: 60px\"><span class=\"vc_empty_space_inner\"><\/span><\/div><\/div><\/div><\/div><\/div><div class=\"vc_row wpb_row vc_row-fluid\"><div class=\"wpb_column vc_column_container vc_col-sm-12 vc_hidden-lg vc_hidden-md vc_hidden-sm\"><div class=\"vc_column-inner\"><div class=\"wpb_wrapper\"><div class=\"vc_empty_space\"   style=\"height: 32px\"><span class=\"vc_empty_space_inner\"><\/span><\/div><\/div><\/div><\/div><\/div><div class=\"vc_row wpb_row vc_row-fluid\"><div class=\"wpb_column vc_column_container vc_col-sm-6\"><div class=\"vc_column-inner\"><div class=\"wpb_wrapper\">\n\t<div class=\"wpb_text_column wpb_content_element  vc_custom_1605544963887\" >\n\t\t<div class=\"wpb_wrapper\">\n\t\t\t<h1 class=\"align-top\" style=\"text-align: left;\"><span style=\"font-size: 20pt;\">Historia Pocz\u0105tk\u00f3w<\/span><\/h1>\n<p style=\"text-align: left;\"><span style=\"font-size: 16pt;\">FE Trade Sp. z.o.o. powsta\u0142a w 2019 roku aby zaoferowa\u0107 Pa\u0144stwu us\u0142ugi zaopatrzenia na najwy\u017cszym poziomie oraz produkty najlepszej jako\u015bci. Nasza firma znajduje si\u0119 w Domas\u0142awie pod Wroc\u0142awiem. Jeste\u015bmy otwarci na wsp\u00f3\u0142prac\u0119!<\/span><\/p>\n\n\t\t<\/div>\n\t<\/div>\n<\/div><\/div><\/div><div class=\"wpb_column vc_column_container vc_col-sm-6\"><div class=\"vc_column-inner\"><div class=\"wpb_wrapper\">\n\t<div  class=\"wpb_single_image wpb_content_element vc_align_center\">\n\t\t\n\t\t<figure class=\"wpb_wrapper vc_figure\">\n\t\t\t<div class=\"vc_single_image-wrapper   vc_box_border_grey\"><img class=\"vc_single_image-img\" src=\"https:\/\/heatsink.eu\/wp-content\/uploads\/2020\/11\/heatsinks_eu.jpg\" width=\"445\" height=\"373\" alt=\"heatsinks_eu\" title=\"heatsinks_eu\" \/><\/div>\n\t\t<\/figure>\n\t<\/div>\n<\/div><\/div><\/div><\/div><div class=\"vc_row wpb_row vc_row-fluid\"><div class=\"wpb_column vc_column_container vc_col-sm-12\"><div class=\"vc_column-inner\"><div class=\"wpb_wrapper\"><div class=\"vc_empty_space\"   style=\"height: 30px\"><span class=\"vc_empty_space_inner\"><\/span><\/div><\/div><\/div><\/div><\/div><div class=\"vc_row wpb_row vc_row-fluid\"><div class=\"wpb-accordion wpb_column vc_column_container vc_col-sm-12\"><div class=\"vc_column-inner\"><div class=\"wpb_wrapper\"><div class=\"vc_tta-container\" data-vc-action=\"collapse\"><h2>Co nas wyr\u00f3\u017cnia?<\/h2><div class=\"vc_general vc_tta vc_tta-accordion vc_tta-color-white vc_tta-style-classic vc_tta-shape-square vc_tta-o-shape-group vc_tta-controls-align-left  wpb_accordion_heading\"><div class=\"vc_tta-panels-container\"><div class=\"vc_tta-panels\"><div class=\"vc_tta-panel vc_active\" id=\"1457421867768-730a628b-1468\" data-vc-content=\".vc_tta-panel-body\"><div class=\"vc_tta-panel-heading\"><h4 class=\"vc_tta-panel-title vc_tta-controls-icon-position-left\"><a href=\"#1457421867768-730a628b-1468\" data-vc-accordion data-vc-container=\".vc_tta-container\"><span class=\"vc_tta-title-text\">Dost\u0119pno\u015b\u0107<\/span><i class=\"vc_tta-controls-icon vc_tta-controls-icon-plus\"><\/i><\/a><\/h4><\/div><div class=\"vc_tta-panel-body\">\n\t<div class=\"wpb_text_column wpb_content_element\" >\n\t\t<div class=\"wpb_wrapper\">\n\t\t\t\n\t\t<\/div>\n\t<\/div>\n<\/div><\/div><div class=\"vc_tta-panel\" id=\"1457421867891-00618bbe-81b3\" data-vc-content=\".vc_tta-panel-body\"><div class=\"vc_tta-panel-heading\"><h4 class=\"vc_tta-panel-title vc_tta-controls-icon-position-left\"><a href=\"#1457421867891-00618bbe-81b3\" data-vc-accordion data-vc-container=\".vc_tta-container\"><span class=\"vc_tta-title-text\">Wysoka jako\u015b\u0107<\/span><i class=\"vc_tta-controls-icon vc_tta-controls-icon-plus\"><\/i><\/a><\/h4><\/div><div class=\"vc_tta-panel-body\">\n\t<div class=\"wpb_text_column wpb_content_element\" >\n\t\t<div class=\"wpb_wrapper\">\n\t\t\t\n\t\t<\/div>\n\t<\/div>\n<\/div><\/div><div class=\"vc_tta-panel\" id=\"1457422007417-d8a52c69-9fbe\" data-vc-content=\".vc_tta-panel-body\"><div class=\"vc_tta-panel-heading\"><h4 class=\"vc_tta-panel-title vc_tta-controls-icon-position-left\"><a href=\"#1457422007417-d8a52c69-9fbe\" data-vc-accordion data-vc-container=\".vc_tta-container\"><span class=\"vc_tta-title-text\">Szybka dostawa<\/span><i class=\"vc_tta-controls-icon vc_tta-controls-icon-plus\"><\/i><\/a><\/h4><\/div><div class=\"vc_tta-panel-body\">\n\t<div class=\"wpb_text_column wpb_content_element\" >\n\t\t<div class=\"wpb_wrapper\">\n\t\t\t\n\t\t<\/div>\n\t<\/div>\n<\/div><\/div><div class=\"vc_tta-panel\" id=\"1457422038772-dd7f7be8-c730\" data-vc-content=\".vc_tta-panel-body\"><div class=\"vc_tta-panel-heading\"><h4 class=\"vc_tta-panel-title vc_tta-controls-icon-position-left\"><a href=\"#1457422038772-dd7f7be8-c730\" data-vc-accordion data-vc-container=\".vc_tta-container\"><span class=\"vc_tta-title-text\">Wyj\u0105tkowa obs\u0142uga<\/span><i class=\"vc_tta-controls-icon vc_tta-controls-icon-plus\"><\/i><\/a><\/h4><\/div><div class=\"vc_tta-panel-body\">\n\t<div class=\"wpb_text_column wpb_content_element\" >\n\t\t<div class=\"wpb_wrapper\">\n\t\t\t\n\t\t<\/div>\n\t<\/div>\n<\/div><\/div><div class=\"vc_tta-panel\" id=\"1597682266834-3ea9675d-1daa\" data-vc-content=\".vc_tta-panel-body\"><div class=\"vc_tta-panel-heading\"><h4 class=\"vc_tta-panel-title vc_tta-controls-icon-position-left\"><a href=\"#1597682266834-3ea9675d-1daa\" data-vc-accordion data-vc-container=\".vc_tta-container\"><span class=\"vc_tta-title-text\">Niezwyk\u0142a elastyczno\u015b\u0107<\/span><i class=\"vc_tta-controls-icon vc_tta-controls-icon-plus\"><\/i><\/a><\/h4><\/div><div class=\"vc_tta-panel-body\">\n\t<div class=\"wpb_text_column wpb_content_element\" >\n\t\t<div class=\"wpb_wrapper\">\n\t\t\t\n\t\t<\/div>\n\t<\/div>\n<\/div><\/div><\/div><\/div><\/div><\/div><\/div><\/div><\/div><\/div><div class=\"vc_row wpb_row vc_row-fluid\"><div class=\"wpb_column vc_column_container vc_col-sm-12\"><div class=\"vc_column-inner\"><div class=\"wpb_wrapper\"><div class=\"vc_empty_space\"   style=\"height: 20px\"><span class=\"vc_empty_space_inner\"><\/span><\/div><\/div><\/div><\/div><\/div>","protected":false},"excerpt":{"rendered":"History of Beginning FE Trade SP.Z O.O. was established end of 2019 to deliver value added product sourcing services without boundaries as well as being distributor of high quality products.","protected":false},"author":1,"featured_media":0,"parent":0,"menu_order":0,"comment_status":"closed","ping_status":"closed","template":"","meta":{"_monsterinsights_skip_tracking":false,"_monsterinsights_sitenote_active":false,"_monsterinsights_sitenote_note":"","_monsterinsights_sitenote_category":0,"_joinchat":[]},"yst_prominent_words":[],"yoast_head":"<!-- This site is optimized with the Yoast SEO Premium plugin v14.1 - https:\/\/yoast.com\/wordpress\/plugins\/seo\/ -->\n<title>About - Heatsink.eu<\/title>\n<meta name=\"description\" content=\"Heatsink manufacturer is turkish company ARMA with headquarters and production center located in Istambul, Turkey. Arma was a garage startup in a 100 square meters small mill, manufacturing aluminum cases to protect electonic circuits. Today in order to find the most efficient solution to our customers thermal problems we introduced new heatsink models almost every single week, being a leader in Turkish market and an important player in US market.\" \/>\n<meta name=\"robots\" content=\"index, follow\" \/>\n<meta name=\"googlebot\" content=\"index, follow, max-snippet:-1, max-image-preview:large, max-video-preview:-1\" \/>\n<meta name=\"bingbot\" content=\"index, follow, max-snippet:-1, max-image-preview:large, max-video-preview:-1\" \/>\n<link rel=\"canonical\" href=\"https:\/\/heatsink.eu\/pl\/about\/\" \/>\n<meta property=\"og:locale\" content=\"pl_PL\" \/>\n<meta property=\"og:type\" content=\"article\" \/>\n<meta property=\"og:title\" content=\"About - Heatsink.eu\" \/>\n<meta property=\"og:description\" content=\"Heatsink manufacturer is turkish company ARMA with headquarters and production center located in Istambul, Turkey. Arma was a garage startup in a 100 square meters small mill, manufacturing aluminum cases to protect electonic circuits. Today in order to find the most efficient solution to our customers thermal problems we introduced new heatsink models almost every single week, being a leader in Turkish market and an important player in US market.\" \/>\n<meta property=\"og:url\" content=\"https:\/\/heatsink.eu\/pl\/about\/\" \/>\n<meta property=\"og:site_name\" content=\"Heatsink.eu\" \/>\n<meta property=\"article:publisher\" content=\"https:\/\/www.facebook.com\/Heatsinkeu-108297431103075\" \/>\n<meta property=\"article:modified_time\" content=\"2020-11-16T16:48:13+00:00\" \/>\n<meta property=\"og:image\" content=\"https:\/\/heatsink.eu\/wp-content\/uploads\/2020\/11\/Heatsink_eu_final_small.png\" \/>\n\t<meta property=\"og:image:width\" content=\"1024\" \/>\n\t<meta property=\"og:image:height\" content=\"252\" \/>\n<meta property=\"fb:app_id\" content=\"4918327404845790\" \/>\n<meta name=\"twitter:card\" content=\"summary_large_image\" \/>\n<script type=\"application\/ld+json\" class=\"yoast-schema-graph\">{\"@context\":\"https:\/\/schema.org\",\"@graph\":[{\"@type\":\"Organization\",\"@id\":\"https:\/\/heatsink.eu\/pl\/#organization\",\"name\":\"Heatsink.eu\",\"url\":\"https:\/\/heatsink.eu\/pl\/\",\"sameAs\":[\"https:\/\/www.facebook.com\/Heatsinkeu-108297431103075\"],\"logo\":{\"@type\":\"ImageObject\",\"@id\":\"https:\/\/heatsink.eu\/pl\/#logo\",\"inLanguage\":\"pl-PL\",\"url\":\"https:\/\/heatsink.eu\/wp-content\/uploads\/2020\/11\/Heatsink_eu_final_2_header.png\",\"width\":724,\"height\":114,\"caption\":\"Heatsink.eu\"},\"image\":{\"@id\":\"https:\/\/heatsink.eu\/pl\/#logo\"}},{\"@type\":\"WebSite\",\"@id\":\"https:\/\/heatsink.eu\/pl\/#website\",\"url\":\"https:\/\/heatsink.eu\/pl\/\",\"name\":\"Heatsink.eu\",\"description\":\"Heatsink shop\",\"publisher\":{\"@id\":\"https:\/\/heatsink.eu\/pl\/#organization\"},\"potentialAction\":[{\"@type\":\"SearchAction\",\"target\":\"https:\/\/heatsink.eu\/pl\/?s={search_term_string}\",\"query-input\":\"required name=search_term_string\"}],\"inLanguage\":\"pl-PL\"},{\"@type\":\"WebPage\",\"@id\":\"https:\/\/heatsink.eu\/about\/#webpage\",\"url\":\"https:\/\/heatsink.eu\/about\/\",\"name\":\"About - Heatsink.eu\",\"isPartOf\":{\"@id\":\"https:\/\/heatsink.eu\/pl\/#website\"},\"datePublished\":\"2016-03-09T05:41:44+00:00\",\"dateModified\":\"2020-11-16T16:48:13+00:00\",\"description\":\"Heatsink manufacturer is turkish company ARMA with headquarters and production center located in Istambul, Turkey. Arma was a garage startup in a 100 square meters small mill, manufacturing aluminum cases to protect electonic circuits. Today in order to find the most efficient solution to our customers thermal problems we introduced new heatsink models almost every single week, being a leader in Turkish market and an important player in US market.\",\"inLanguage\":\"pl-PL\",\"potentialAction\":[{\"@type\":\"ReadAction\",\"target\":[\"https:\/\/heatsink.eu\/about\/\"]}]}]}<\/script>\n<!-- \/ Yoast SEO Premium plugin. -->","_links":{"self":[{"href":"https:\/\/heatsink.eu\/pl\/wp-json\/wp\/v2\/pages\/2494"}],"collection":[{"href":"https:\/\/heatsink.eu\/pl\/wp-json\/wp\/v2\/pages"}],"about":[{"href":"https:\/\/heatsink.eu\/pl\/wp-json\/wp\/v2\/types\/page"}],"author":[{"embeddable":true,"href":"https:\/\/heatsink.eu\/pl\/wp-json\/wp\/v2\/users\/1"}],"replies":[{"embeddable":true,"href":"https:\/\/heatsink.eu\/pl\/wp-json\/wp\/v2\/comments?post=2494"}],"version-history":[{"count":0,"href":"https:\/\/heatsink.eu\/pl\/wp-json\/wp\/v2\/pages\/2494\/revisions"}],"wp:attachment":[{"href":"https:\/\/heatsink.eu\/pl\/wp-json\/wp\/v2\/media?parent=2494"}],"wp:term":[{"taxonomy":"yst_prominent_words","embeddable":true,"href":"https:\/\/heatsink.eu\/pl\/wp-json\/wp\/v2\/yst_prominent_words?post=2494"}],"curies":[{"name":"wp","href":"https:\/\/api.w.org\/{rel}","templated":true}]}}